{"id":29639,"date":"2024-04-09T10:41:06","date_gmt":"2024-04-09T10:41:06","guid":{"rendered":"https:\/\/smartbottle.univerre.ch\/?page_id=29639"},"modified":"2025-05-02T09:24:59","modified_gmt":"2025-05-02T09:24:59","slug":"birmenstorf-cabernet-jura","status":"publish","type":"page","link":"https:\/\/smartbottle.univerre.ch\/fr\/v-lp\/birmenstorf-cabernet-jura\/","title":{"rendered":"Birmenstorf Cabernet Jura"},"content":{"rendered":"<p class=\"piwi-product-description\">Le Cabernet Jura, un des c\u00e9pages de l&rsquo;avenir &#8211; durable et respectueux de l&rsquo;environnement ! L&rsquo;ar\u00f4me complexe de ce vin puissant est compl\u00e9t\u00e9 par le stockage en f\u00fbts de bois.<\/p>\n<h2 class=\"piwi-product-title\">Cabernet Jura<\/h2>\n<p><a class=\"piwi-product-link\" href=\"https:\/\/www.birmenstorfer.ch\/product\/cabernet-jura-75cl-2019\/\" target=\"_blank\" rel=\"noopener\">CHF 22.00 ACHETER<\/a><\/p>\n","protected":false},"excerpt":{"rendered":"<p>Le Cabernet Jura, un des c\u00e9pages de l&rsquo;avenir &#8211; durable et respectueux de l&rsquo;environnement ! L&rsquo;ar\u00f4me complexe de ce vin puissant est compl\u00e9t\u00e9 par le stockage en f\u00fbts de bois. Cabernet Jura CHF 22.00 ACHETER<\/p>\n","protected":false},"author":23,"featured_media":30374,"parent":26739,"menu_order":0,"comment_status":"closed","ping_status":"closed","template":"cabernet-jura.php","meta":{"_acf_changed":false,"footnotes":""},"class_list":["post-29639","page","type-page","status-publish","has-post-thumbnail","hentry"],"acf":[],"yoast_head":"<!-- This site is optimized with the Yoast SEO plugin v27.1.1 - https:\/\/yoast.com\/product\/yoast-seo-wordpress\/ -->\n<title>Birmenstorf Cabernet Jura - Univerre | Smart Bottle<\/title>\n<meta name=\"robots\" content=\"noindex, nofollow\" \/>\n<meta property=\"og:locale\" content=\"fr_FR\" \/>\n<meta property=\"og:type\" content=\"article\" \/>\n<meta property=\"og:title\" content=\"Birmenstorf Cabernet Jura - Univerre | Smart Bottle\" \/>\n<meta property=\"og:description\" content=\"Le Cabernet Jura, un des c\u00e9pages de l&rsquo;avenir &#8211; durable et respectueux de l&rsquo;environnement ! L&rsquo;ar\u00f4me complexe de ce vin puissant est compl\u00e9t\u00e9 par le stockage en f\u00fbts de bois. Cabernet Jura CHF 22.00 ACHETER\" \/>\n<meta property=\"og:url\" content=\"https:\/\/smartbottle.univerre.ch\/fr\/v-lp\/birmenstorf-cabernet-jura\/\" \/>\n<meta property=\"og:site_name\" content=\"Univerre | Smart Bottle\" \/>\n<meta property=\"article:modified_time\" content=\"2025-05-02T09:24:59+00:00\" \/>\n<meta name=\"twitter:card\" content=\"summary_large_image\" \/>\n<script type=\"application\/ld+json\" class=\"yoast-schema-graph\">{\"@context\":\"https:\/\/schema.org\",\"@graph\":[{\"@type\":\"WebPage\",\"@id\":\"https:\/\/smartbottle.univerre.ch\/fr\/v-lp\/birmenstorf-cabernet-jura\/\",\"url\":\"https:\/\/smartbottle.univerre.ch\/fr\/v-lp\/birmenstorf-cabernet-jura\/\",\"name\":\"Birmenstorf Cabernet Jura - Univerre | Smart Bottle\",\"isPartOf\":{\"@id\":\"https:\/\/smartbottle.univerre.ch\/fr\/#website\"},\"primaryImageOfPage\":{\"@id\":\"https:\/\/smartbottle.univerre.ch\/fr\/v-lp\/birmenstorf-cabernet-jura\/#primaryimage\"},\"image\":{\"@id\":\"https:\/\/smartbottle.univerre.ch\/fr\/v-lp\/birmenstorf-cabernet-jura\/#primaryimage\"},\"thumbnailUrl\":\"https:\/\/smartbottle.univerre.ch\/wp-content\/uploads\/2024\/04\/logo-cj.svg\",\"datePublished\":\"2024-04-09T10:41:06+00:00\",\"dateModified\":\"2025-05-02T09:24:59+00:00\",\"breadcrumb\":{\"@id\":\"https:\/\/smartbottle.univerre.ch\/fr\/v-lp\/birmenstorf-cabernet-jura\/#breadcrumb\"},\"inLanguage\":\"fr-FR\",\"potentialAction\":[{\"@type\":\"ReadAction\",\"target\":[\"https:\/\/smartbottle.univerre.ch\/fr\/v-lp\/birmenstorf-cabernet-jura\/\"]}]},{\"@type\":\"ImageObject\",\"inLanguage\":\"fr-FR\",\"@id\":\"https:\/\/smartbottle.univerre.ch\/fr\/v-lp\/birmenstorf-cabernet-jura\/#primaryimage\",\"url\":\"https:\/\/smartbottle.univerre.ch\/wp-content\/uploads\/2024\/04\/logo-cj.svg\",\"contentUrl\":\"https:\/\/smartbottle.univerre.ch\/wp-content\/uploads\/2024\/04\/logo-cj.svg\"},{\"@type\":\"BreadcrumbList\",\"@id\":\"https:\/\/smartbottle.univerre.ch\/fr\/v-lp\/birmenstorf-cabernet-jura\/#breadcrumb\",\"itemListElement\":[{\"@type\":\"ListItem\",\"position\":1,\"name\":\"Accueil\",\"item\":\"https:\/\/smartbottle.univerre.ch\/fr\/\"},{\"@type\":\"ListItem\",\"position\":2,\"name\":\"v-lp\",\"item\":\"https:\/\/smartbottle.univerre.ch\/fr\/v-lp\/\"},{\"@type\":\"ListItem\",\"position\":3,\"name\":\"Birmenstorf Cabernet Jura\"}]},{\"@type\":\"WebSite\",\"@id\":\"https:\/\/smartbottle.univerre.ch\/fr\/#website\",\"url\":\"https:\/\/smartbottle.univerre.ch\/fr\/\",\"name\":\"Univerre | Smart Bottle\",\"description\":\"Each bottle has a digital identity\",\"publisher\":{\"@id\":\"https:\/\/smartbottle.univerre.ch\/fr\/#organization\"},\"potentialAction\":[{\"@type\":\"SearchAction\",\"target\":{\"@type\":\"EntryPoint\",\"urlTemplate\":\"https:\/\/smartbottle.univerre.ch\/fr\/?s={search_term_string}\"},\"query-input\":{\"@type\":\"PropertyValueSpecification\",\"valueRequired\":true,\"valueName\":\"search_term_string\"}}],\"inLanguage\":\"fr-FR\"},{\"@type\":\"Organization\",\"@id\":\"https:\/\/smartbottle.univerre.ch\/fr\/#organization\",\"name\":\"Univerre Smart Bottle\",\"url\":\"https:\/\/smartbottle.univerre.ch\/fr\/\",\"logo\":{\"@type\":\"ImageObject\",\"inLanguage\":\"fr-FR\",\"@id\":\"https:\/\/smartbottle.univerre.ch\/fr\/#\/schema\/logo\/image\/\",\"url\":\"https:\/\/smartbottle.univerre.ch\/wp-content\/uploads\/2020\/12\/Logo-1.png\",\"contentUrl\":\"https:\/\/smartbottle.univerre.ch\/wp-content\/uploads\/2020\/12\/Logo-1.png\",\"width\":162,\"height\":56,\"caption\":\"Univerre Smart Bottle\"},\"image\":{\"@id\":\"https:\/\/smartbottle.univerre.ch\/fr\/#\/schema\/logo\/image\/\"}}]}<\/script>\n<!-- \/ Yoast SEO plugin. -->","yoast_head_json":{"title":"Birmenstorf Cabernet Jura - Univerre | Smart Bottle","robots":{"index":"noindex","follow":"nofollow"},"og_locale":"fr_FR","og_type":"article","og_title":"Birmenstorf Cabernet Jura - Univerre | Smart Bottle","og_description":"Le Cabernet Jura, un des c\u00e9pages de l&rsquo;avenir &#8211; durable et respectueux de l&rsquo;environnement ! L&rsquo;ar\u00f4me complexe de ce vin puissant est compl\u00e9t\u00e9 par le stockage en f\u00fbts de bois. Cabernet Jura CHF 22.00 ACHETER","og_url":"https:\/\/smartbottle.univerre.ch\/fr\/v-lp\/birmenstorf-cabernet-jura\/","og_site_name":"Univerre | Smart Bottle","article_modified_time":"2025-05-02T09:24:59+00:00","twitter_card":"summary_large_image","schema":{"@context":"https:\/\/schema.org","@graph":[{"@type":"WebPage","@id":"https:\/\/smartbottle.univerre.ch\/fr\/v-lp\/birmenstorf-cabernet-jura\/","url":"https:\/\/smartbottle.univerre.ch\/fr\/v-lp\/birmenstorf-cabernet-jura\/","name":"Birmenstorf Cabernet Jura - Univerre | Smart Bottle","isPartOf":{"@id":"https:\/\/smartbottle.univerre.ch\/fr\/#website"},"primaryImageOfPage":{"@id":"https:\/\/smartbottle.univerre.ch\/fr\/v-lp\/birmenstorf-cabernet-jura\/#primaryimage"},"image":{"@id":"https:\/\/smartbottle.univerre.ch\/fr\/v-lp\/birmenstorf-cabernet-jura\/#primaryimage"},"thumbnailUrl":"https:\/\/smartbottle.univerre.ch\/wp-content\/uploads\/2024\/04\/logo-cj.svg","datePublished":"2024-04-09T10:41:06+00:00","dateModified":"2025-05-02T09:24:59+00:00","breadcrumb":{"@id":"https:\/\/smartbottle.univerre.ch\/fr\/v-lp\/birmenstorf-cabernet-jura\/#breadcrumb"},"inLanguage":"fr-FR","potentialAction":[{"@type":"ReadAction","target":["https:\/\/smartbottle.univerre.ch\/fr\/v-lp\/birmenstorf-cabernet-jura\/"]}]},{"@type":"ImageObject","inLanguage":"fr-FR","@id":"https:\/\/smartbottle.univerre.ch\/fr\/v-lp\/birmenstorf-cabernet-jura\/#primaryimage","url":"https:\/\/smartbottle.univerre.ch\/wp-content\/uploads\/2024\/04\/logo-cj.svg","contentUrl":"https:\/\/smartbottle.univerre.ch\/wp-content\/uploads\/2024\/04\/logo-cj.svg"},{"@type":"BreadcrumbList","@id":"https:\/\/smartbottle.univerre.ch\/fr\/v-lp\/birmenstorf-cabernet-jura\/#breadcrumb","itemListElement":[{"@type":"ListItem","position":1,"name":"Accueil","item":"https:\/\/smartbottle.univerre.ch\/fr\/"},{"@type":"ListItem","position":2,"name":"v-lp","item":"https:\/\/smartbottle.univerre.ch\/fr\/v-lp\/"},{"@type":"ListItem","position":3,"name":"Birmenstorf Cabernet Jura"}]},{"@type":"WebSite","@id":"https:\/\/smartbottle.univerre.ch\/fr\/#website","url":"https:\/\/smartbottle.univerre.ch\/fr\/","name":"Univerre | Smart Bottle","description":"Each bottle has a digital identity","publisher":{"@id":"https:\/\/smartbottle.univerre.ch\/fr\/#organization"},"potentialAction":[{"@type":"SearchAction","target":{"@type":"EntryPoint","urlTemplate":"https:\/\/smartbottle.univerre.ch\/fr\/?s={search_term_string}"},"query-input":{"@type":"PropertyValueSpecification","valueRequired":true,"valueName":"search_term_string"}}],"inLanguage":"fr-FR"},{"@type":"Organization","@id":"https:\/\/smartbottle.univerre.ch\/fr\/#organization","name":"Univerre Smart Bottle","url":"https:\/\/smartbottle.univerre.ch\/fr\/","logo":{"@type":"ImageObject","inLanguage":"fr-FR","@id":"https:\/\/smartbottle.univerre.ch\/fr\/#\/schema\/logo\/image\/","url":"https:\/\/smartbottle.univerre.ch\/wp-content\/uploads\/2020\/12\/Logo-1.png","contentUrl":"https:\/\/smartbottle.univerre.ch\/wp-content\/uploads\/2020\/12\/Logo-1.png","width":162,"height":56,"caption":"Univerre Smart Bottle"},"image":{"@id":"https:\/\/smartbottle.univerre.ch\/fr\/#\/schema\/logo\/image\/"}}]}},"_links":{"self":[{"href":"https:\/\/smartbottle.univerre.ch\/fr\/wp-json\/wp\/v2\/pages\/29639","targetHints":{"allow":["GET"]}}],"collection":[{"href":"https:\/\/smartbottle.univerre.ch\/fr\/wp-json\/wp\/v2\/pages"}],"about":[{"href":"https:\/\/smartbottle.univerre.ch\/fr\/wp-json\/wp\/v2\/types\/page"}],"author":[{"embeddable":true,"href":"https:\/\/smartbottle.univerre.ch\/fr\/wp-json\/wp\/v2\/users\/23"}],"replies":[{"embeddable":true,"href":"https:\/\/smartbottle.univerre.ch\/fr\/wp-json\/wp\/v2\/comments?post=29639"}],"version-history":[{"count":5,"href":"https:\/\/smartbottle.univerre.ch\/fr\/wp-json\/wp\/v2\/pages\/29639\/revisions"}],"predecessor-version":[{"id":35671,"href":"https:\/\/smartbottle.univerre.ch\/fr\/wp-json\/wp\/v2\/pages\/29639\/revisions\/35671"}],"up":[{"embeddable":true,"href":"https:\/\/smartbottle.univerre.ch\/fr\/wp-json\/wp\/v2\/pages\/26739"}],"wp:featuredmedia":[{"embeddable":true,"href":"https:\/\/smartbottle.univerre.ch\/fr\/wp-json\/wp\/v2\/media\/30374"}],"wp:attachment":[{"href":"https:\/\/smartbottle.univerre.ch\/fr\/wp-json\/wp\/v2\/media?parent=29639"}],"curies":[{"name":"wp","href":"https:\/\/api.w.org\/{rel}","templated":true}]}}