{"id":29638,"date":"2024-04-09T10:42:21","date_gmt":"2024-04-09T10:42:21","guid":{"rendered":"https:\/\/smartbottle.univerre.ch\/?page_id=29638"},"modified":"2025-05-02T10:19:11","modified_gmt":"2025-05-02T10:19:11","slug":"birmenstorf-cuvee-noir","status":"publish","type":"page","link":"https:\/\/smartbottle.univerre.ch\/fr\/v-lp\/birmenstorf-cuvee-noir\/","title":{"rendered":"Birmenstorf Cuv\u00e9e Noir"},"content":{"rendered":"<p class=\"piwi-product-description\">Cuv\u00e9e Noir, une cuv\u00e9e d&rsquo;avenir &#8211; durable et respectueuse de l&rsquo;environnement !<br \/>\nLe mariage des trois c\u00e9pages Satin Noir, Cabernet Jura et Pinot Noir donne ce vin<br \/>\npuissant, riche en ar\u00f4mes et en couleurs. Une exp\u00e9rience pour tous les sens.<\/p>\n<h2 class=\"piwi-product-title\">Cuvee-noir<br \/>\n(2024)<\/h2>\n<p><a class=\"piwi-product-link\" href=\"https:\/\/www.birmenstorfer.ch\/product\/cuvee-noir\/\" target=\"_blank\" rel=\"noopener\">CHF 22.00 ACHETER<\/a><\/p>\n","protected":false},"excerpt":{"rendered":"<p>Cuv\u00e9e Noir, une cuv\u00e9e d&rsquo;avenir &#8211; durable et respectueuse de l&rsquo;environnement ! Le mariage des trois c\u00e9pages Satin Noir, Cabernet Jura et Pinot Noir donne ce vin puissant, riche en ar\u00f4mes et en couleurs. Une exp\u00e9rience pour tous les sens. Cuvee-noir (2024) CHF 22.00 ACHETER<\/p>\n","protected":false},"author":23,"featured_media":30377,"parent":26739,"menu_order":0,"comment_status":"closed","ping_status":"closed","template":"cuvee-noir.php","meta":{"_acf_changed":false,"footnotes":""},"class_list":["post-29638","page","type-page","status-publish","has-post-thumbnail","hentry"],"acf":[],"yoast_head":"<!-- This site is optimized with the Yoast SEO plugin v27.1.1 - https:\/\/yoast.com\/product\/yoast-seo-wordpress\/ -->\n<title>Birmenstorf Cuv\u00e9e Noir - Univerre | Smart Bottle<\/title>\n<meta name=\"robots\" content=\"noindex, nofollow\" \/>\n<meta property=\"og:locale\" content=\"fr_FR\" \/>\n<meta property=\"og:type\" content=\"article\" \/>\n<meta property=\"og:title\" content=\"Birmenstorf Cuv\u00e9e Noir - Univerre | Smart Bottle\" \/>\n<meta property=\"og:description\" content=\"Cuv\u00e9e Noir, une cuv\u00e9e d&rsquo;avenir &#8211; durable et respectueuse de l&rsquo;environnement ! Le mariage des trois c\u00e9pages Satin Noir, Cabernet Jura et Pinot Noir donne ce vin puissant, riche en ar\u00f4mes et en couleurs. Une exp\u00e9rience pour tous les sens. Cuvee-noir (2024) CHF 22.00 ACHETER\" \/>\n<meta property=\"og:url\" content=\"https:\/\/smartbottle.univerre.ch\/fr\/v-lp\/birmenstorf-cuvee-noir\/\" \/>\n<meta property=\"og:site_name\" content=\"Univerre | Smart Bottle\" \/>\n<meta property=\"article:modified_time\" content=\"2025-05-02T10:19:11+00:00\" \/>\n<meta name=\"twitter:card\" content=\"summary_large_image\" \/>\n<script type=\"application\/ld+json\" class=\"yoast-schema-graph\">{\"@context\":\"https:\/\/schema.org\",\"@graph\":[{\"@type\":\"WebPage\",\"@id\":\"https:\/\/smartbottle.univerre.ch\/fr\/v-lp\/birmenstorf-cuvee-noir\/\",\"url\":\"https:\/\/smartbottle.univerre.ch\/fr\/v-lp\/birmenstorf-cuvee-noir\/\",\"name\":\"Birmenstorf Cuv\u00e9e Noir - Univerre | Smart Bottle\",\"isPartOf\":{\"@id\":\"https:\/\/smartbottle.univerre.ch\/fr\/#website\"},\"primaryImageOfPage\":{\"@id\":\"https:\/\/smartbottle.univerre.ch\/fr\/v-lp\/birmenstorf-cuvee-noir\/#primaryimage\"},\"image\":{\"@id\":\"https:\/\/smartbottle.univerre.ch\/fr\/v-lp\/birmenstorf-cuvee-noir\/#primaryimage\"},\"thumbnailUrl\":\"https:\/\/smartbottle.univerre.ch\/wp-content\/uploads\/2024\/04\/logo-cv.svg\",\"datePublished\":\"2024-04-09T10:42:21+00:00\",\"dateModified\":\"2025-05-02T10:19:11+00:00\",\"breadcrumb\":{\"@id\":\"https:\/\/smartbottle.univerre.ch\/fr\/v-lp\/birmenstorf-cuvee-noir\/#breadcrumb\"},\"inLanguage\":\"fr-FR\",\"potentialAction\":[{\"@type\":\"ReadAction\",\"target\":[\"https:\/\/smartbottle.univerre.ch\/fr\/v-lp\/birmenstorf-cuvee-noir\/\"]}]},{\"@type\":\"ImageObject\",\"inLanguage\":\"fr-FR\",\"@id\":\"https:\/\/smartbottle.univerre.ch\/fr\/v-lp\/birmenstorf-cuvee-noir\/#primaryimage\",\"url\":\"https:\/\/smartbottle.univerre.ch\/wp-content\/uploads\/2024\/04\/logo-cv.svg\",\"contentUrl\":\"https:\/\/smartbottle.univerre.ch\/wp-content\/uploads\/2024\/04\/logo-cv.svg\"},{\"@type\":\"BreadcrumbList\",\"@id\":\"https:\/\/smartbottle.univerre.ch\/fr\/v-lp\/birmenstorf-cuvee-noir\/#breadcrumb\",\"itemListElement\":[{\"@type\":\"ListItem\",\"position\":1,\"name\":\"Accueil\",\"item\":\"https:\/\/smartbottle.univerre.ch\/fr\/\"},{\"@type\":\"ListItem\",\"position\":2,\"name\":\"v-lp\",\"item\":\"https:\/\/smartbottle.univerre.ch\/fr\/v-lp\/\"},{\"@type\":\"ListItem\",\"position\":3,\"name\":\"Birmenstorf Cuv\u00e9e Noir\"}]},{\"@type\":\"WebSite\",\"@id\":\"https:\/\/smartbottle.univerre.ch\/fr\/#website\",\"url\":\"https:\/\/smartbottle.univerre.ch\/fr\/\",\"name\":\"Univerre | Smart Bottle\",\"description\":\"Each bottle has a digital identity\",\"publisher\":{\"@id\":\"https:\/\/smartbottle.univerre.ch\/fr\/#organization\"},\"potentialAction\":[{\"@type\":\"SearchAction\",\"target\":{\"@type\":\"EntryPoint\",\"urlTemplate\":\"https:\/\/smartbottle.univerre.ch\/fr\/?s={search_term_string}\"},\"query-input\":{\"@type\":\"PropertyValueSpecification\",\"valueRequired\":true,\"valueName\":\"search_term_string\"}}],\"inLanguage\":\"fr-FR\"},{\"@type\":\"Organization\",\"@id\":\"https:\/\/smartbottle.univerre.ch\/fr\/#organization\",\"name\":\"Univerre Smart Bottle\",\"url\":\"https:\/\/smartbottle.univerre.ch\/fr\/\",\"logo\":{\"@type\":\"ImageObject\",\"inLanguage\":\"fr-FR\",\"@id\":\"https:\/\/smartbottle.univerre.ch\/fr\/#\/schema\/logo\/image\/\",\"url\":\"https:\/\/smartbottle.univerre.ch\/wp-content\/uploads\/2020\/12\/Logo-1.png\",\"contentUrl\":\"https:\/\/smartbottle.univerre.ch\/wp-content\/uploads\/2020\/12\/Logo-1.png\",\"width\":162,\"height\":56,\"caption\":\"Univerre Smart Bottle\"},\"image\":{\"@id\":\"https:\/\/smartbottle.univerre.ch\/fr\/#\/schema\/logo\/image\/\"}}]}<\/script>\n<!-- \/ Yoast SEO plugin. -->","yoast_head_json":{"title":"Birmenstorf Cuv\u00e9e Noir - Univerre | Smart Bottle","robots":{"index":"noindex","follow":"nofollow"},"og_locale":"fr_FR","og_type":"article","og_title":"Birmenstorf Cuv\u00e9e Noir - Univerre | Smart Bottle","og_description":"Cuv\u00e9e Noir, une cuv\u00e9e d&rsquo;avenir &#8211; durable et respectueuse de l&rsquo;environnement ! Le mariage des trois c\u00e9pages Satin Noir, Cabernet Jura et Pinot Noir donne ce vin puissant, riche en ar\u00f4mes et en couleurs. Une exp\u00e9rience pour tous les sens. Cuvee-noir (2024) CHF 22.00 ACHETER","og_url":"https:\/\/smartbottle.univerre.ch\/fr\/v-lp\/birmenstorf-cuvee-noir\/","og_site_name":"Univerre | Smart Bottle","article_modified_time":"2025-05-02T10:19:11+00:00","twitter_card":"summary_large_image","schema":{"@context":"https:\/\/schema.org","@graph":[{"@type":"WebPage","@id":"https:\/\/smartbottle.univerre.ch\/fr\/v-lp\/birmenstorf-cuvee-noir\/","url":"https:\/\/smartbottle.univerre.ch\/fr\/v-lp\/birmenstorf-cuvee-noir\/","name":"Birmenstorf Cuv\u00e9e Noir - Univerre | Smart Bottle","isPartOf":{"@id":"https:\/\/smartbottle.univerre.ch\/fr\/#website"},"primaryImageOfPage":{"@id":"https:\/\/smartbottle.univerre.ch\/fr\/v-lp\/birmenstorf-cuvee-noir\/#primaryimage"},"image":{"@id":"https:\/\/smartbottle.univerre.ch\/fr\/v-lp\/birmenstorf-cuvee-noir\/#primaryimage"},"thumbnailUrl":"https:\/\/smartbottle.univerre.ch\/wp-content\/uploads\/2024\/04\/logo-cv.svg","datePublished":"2024-04-09T10:42:21+00:00","dateModified":"2025-05-02T10:19:11+00:00","breadcrumb":{"@id":"https:\/\/smartbottle.univerre.ch\/fr\/v-lp\/birmenstorf-cuvee-noir\/#breadcrumb"},"inLanguage":"fr-FR","potentialAction":[{"@type":"ReadAction","target":["https:\/\/smartbottle.univerre.ch\/fr\/v-lp\/birmenstorf-cuvee-noir\/"]}]},{"@type":"ImageObject","inLanguage":"fr-FR","@id":"https:\/\/smartbottle.univerre.ch\/fr\/v-lp\/birmenstorf-cuvee-noir\/#primaryimage","url":"https:\/\/smartbottle.univerre.ch\/wp-content\/uploads\/2024\/04\/logo-cv.svg","contentUrl":"https:\/\/smartbottle.univerre.ch\/wp-content\/uploads\/2024\/04\/logo-cv.svg"},{"@type":"BreadcrumbList","@id":"https:\/\/smartbottle.univerre.ch\/fr\/v-lp\/birmenstorf-cuvee-noir\/#breadcrumb","itemListElement":[{"@type":"ListItem","position":1,"name":"Accueil","item":"https:\/\/smartbottle.univerre.ch\/fr\/"},{"@type":"ListItem","position":2,"name":"v-lp","item":"https:\/\/smartbottle.univerre.ch\/fr\/v-lp\/"},{"@type":"ListItem","position":3,"name":"Birmenstorf Cuv\u00e9e Noir"}]},{"@type":"WebSite","@id":"https:\/\/smartbottle.univerre.ch\/fr\/#website","url":"https:\/\/smartbottle.univerre.ch\/fr\/","name":"Univerre | Smart Bottle","description":"Each bottle has a digital identity","publisher":{"@id":"https:\/\/smartbottle.univerre.ch\/fr\/#organization"},"potentialAction":[{"@type":"SearchAction","target":{"@type":"EntryPoint","urlTemplate":"https:\/\/smartbottle.univerre.ch\/fr\/?s={search_term_string}"},"query-input":{"@type":"PropertyValueSpecification","valueRequired":true,"valueName":"search_term_string"}}],"inLanguage":"fr-FR"},{"@type":"Organization","@id":"https:\/\/smartbottle.univerre.ch\/fr\/#organization","name":"Univerre Smart Bottle","url":"https:\/\/smartbottle.univerre.ch\/fr\/","logo":{"@type":"ImageObject","inLanguage":"fr-FR","@id":"https:\/\/smartbottle.univerre.ch\/fr\/#\/schema\/logo\/image\/","url":"https:\/\/smartbottle.univerre.ch\/wp-content\/uploads\/2020\/12\/Logo-1.png","contentUrl":"https:\/\/smartbottle.univerre.ch\/wp-content\/uploads\/2020\/12\/Logo-1.png","width":162,"height":56,"caption":"Univerre Smart Bottle"},"image":{"@id":"https:\/\/smartbottle.univerre.ch\/fr\/#\/schema\/logo\/image\/"}}]}},"_links":{"self":[{"href":"https:\/\/smartbottle.univerre.ch\/fr\/wp-json\/wp\/v2\/pages\/29638","targetHints":{"allow":["GET"]}}],"collection":[{"href":"https:\/\/smartbottle.univerre.ch\/fr\/wp-json\/wp\/v2\/pages"}],"about":[{"href":"https:\/\/smartbottle.univerre.ch\/fr\/wp-json\/wp\/v2\/types\/page"}],"author":[{"embeddable":true,"href":"https:\/\/smartbottle.univerre.ch\/fr\/wp-json\/wp\/v2\/users\/23"}],"replies":[{"embeddable":true,"href":"https:\/\/smartbottle.univerre.ch\/fr\/wp-json\/wp\/v2\/comments?post=29638"}],"version-history":[{"count":5,"href":"https:\/\/smartbottle.univerre.ch\/fr\/wp-json\/wp\/v2\/pages\/29638\/revisions"}],"predecessor-version":[{"id":35716,"href":"https:\/\/smartbottle.univerre.ch\/fr\/wp-json\/wp\/v2\/pages\/29638\/revisions\/35716"}],"up":[{"embeddable":true,"href":"https:\/\/smartbottle.univerre.ch\/fr\/wp-json\/wp\/v2\/pages\/26739"}],"wp:featuredmedia":[{"embeddable":true,"href":"https:\/\/smartbottle.univerre.ch\/fr\/wp-json\/wp\/v2\/media\/30377"}],"wp:attachment":[{"href":"https:\/\/smartbottle.univerre.ch\/fr\/wp-json\/wp\/v2\/media?parent=29638"}],"curies":[{"name":"wp","href":"https:\/\/api.w.org\/{rel}","templated":true}]}}